{"id":1562,"date":"2020-06-16T16:26:53","date_gmt":"2020-06-16T14:26:53","guid":{"rendered":"https:\/\/parafie.wsd.rzeszow.pl\/dks\/?page_id=1562"},"modified":"2024-09-18T11:51:06","modified_gmt":"2024-09-18T09:51:06","slug":"porzadek-dnia-w-dks","status":"publish","type":"page","link":"https:\/\/www.dks.rzeszow.pl\/index.php\/porzadek-dnia-w-dks\/","title":{"rendered":"Porz\u0105dek dnia w DKS"},"content":{"rendered":"\n<div class=\"wp-block-themeisle-blocks-advanced-columns has-1-columns has-desktop-equal-layout has-tablet-equal-layout has-mobile-equal-layout has-default-gap has-vertical-unset\" id=\"wp-block-themeisle-blocks-advanced-columns-fa04a8bd\"><div class=\"wp-block-themeisle-blocks-advanced-columns-overlay\"><\/div><div class=\"innerblocks-wrap\">\n<div class=\"wp-block-themeisle-blocks-advanced-column\" id=\"wp-block-themeisle-blocks-advanced-column-67a79183\">\n<p><strong>PORZ\u0104DEK DNIA W DKS DIECEZJI RZESZOWSKIEJ<\/strong><\/p>\n\n\n\n<p><strong><u>Dzie\u0144 powszedni:<\/u><\/strong><\/p>\n\n\n\n<p>6.00 wstawanie<\/p>\n\n\n\n<p>6.30 Modlitwy indywidulane<\/p>\n\n\n\n<p>7.00 Msza \u015awi\u0119ta (w \u015brody i pi\u0105tki po Mszy \u015awi\u0119tej wystawienie Naj\u015bw. Sakramentu i nabo\u017ce\u0144stwo).<\/p>\n\n\n\n<p>7.30 \u015aniadanie<\/p>\n\n\n\n<p>12.30 Obiad<\/p>\n\n\n\n<p>W pa\u017adzierniku i listopadzie (1-8 listopada) nabo\u017ce\u0144stwo o godz.. 16.00<\/p>\n\n\n\n<p>16.30 Kolacja<\/p>\n\n\n\n<p>22.00 Cisza nocna<\/p>\n\n\n\n<p>W pierwszy czwartek \u2013 po Mszy \u015awi\u0119tej adoracja Naj\u015bw. Sakramentu do obiadu<\/p>\n\n\n\n<p><strong><u>Niedziela i uroczysto\u015bci:<\/u><\/strong><\/p>\n\n\n\n<p>7.00 Wstawanie<\/p>\n\n\n\n<p>7.30 Modlitwy indywidualne<\/p>\n\n\n\n<p>8.00 \u015aniadanie<\/p>\n\n\n\n<p>9.00 Msza \u015awi\u0119ta<\/p>\n\n\n\n<p>Pozosta\u0142y program jak w dni powszednie.<\/p>\n<\/div>\n<\/div><\/div>\n\r\n","protected":false},"excerpt":{"rendered":"","protected":false},"author":1,"featured_media":1552,"parent":0,"menu_order":0,"comment_status":"closed","ping_status":"closed","template":"","meta":{"footnotes":""},"class_list":["post-1562","page","type-page","status-publish","has-post-thumbnail","hentry"],"_links":{"self":[{"href":"https:\/\/www.dks.rzeszow.pl\/index.php\/wp-json\/wp\/v2\/pages\/1562","targetHints":{"allow":["GET"]}}],"collection":[{"href":"https:\/\/www.dks.rzeszow.pl\/index.php\/wp-json\/wp\/v2\/pages"}],"about":[{"href":"https:\/\/www.dks.rzeszow.pl\/index.php\/wp-json\/wp\/v2\/types\/page"}],"author":[{"embeddable":true,"href":"https:\/\/www.dks.rzeszow.pl\/index.php\/wp-json\/wp\/v2\/users\/1"}],"replies":[{"embeddable":true,"href":"https:\/\/www.dks.rzeszow.pl\/index.php\/wp-json\/wp\/v2\/comments?post=1562"}],"version-history":[{"count":2,"href":"https:\/\/www.dks.rzeszow.pl\/index.php\/wp-json\/wp\/v2\/pages\/1562\/revisions"}],"predecessor-version":[{"id":4313,"href":"https:\/\/www.dks.rzeszow.pl\/index.php\/wp-json\/wp\/v2\/pages\/1562\/revisions\/4313"}],"wp:featuredmedia":[{"embeddable":true,"href":"https:\/\/www.dks.rzeszow.pl\/index.php\/wp-json\/wp\/v2\/media\/1552"}],"wp:attachment":[{"href":"https:\/\/www.dks.rzeszow.pl\/index.php\/wp-json\/wp\/v2\/media?parent=1562"}],"curies":[{"name":"wp","href":"https:\/\/api.w.org\/{rel}","templated":true}]}}