{"id":1492,"date":"2020-06-15T14:43:44","date_gmt":"2020-06-15T12:43:44","guid":{"rendered":"http:\/\/parafie.wsd.rzeszow.pl\/dks\/?page_id=1492"},"modified":"2024-09-18T11:51:05","modified_gmt":"2024-09-18T09:51:05","slug":"biskupi-w-diecezji","status":"publish","type":"page","link":"https:\/\/www.dks.rzeszow.pl\/index.php\/biskupi-w-diecezji\/","title":{"rendered":"Biskupi w diecezji"},"content":{"rendered":"\n<div class=\"wp-block-themeisle-blocks-advanced-columns has-1-columns has-desktop-equal-layout has-tablet-equal-layout has-mobile-equal-layout has-default-gap has-vertical-unset\" id=\"wp-block-themeisle-blocks-advanced-columns-3886b9c4\"><div class=\"wp-block-themeisle-blocks-advanced-columns-overlay\"><\/div><div class=\"innerblocks-wrap\">\n<div class=\"wp-block-themeisle-blocks-advanced-column\" id=\"wp-block-themeisle-blocks-advanced-column-577ab768\">\n<p style=\"font-size:24px\"><strong>Biskup Rzeszowski Jan W\u0105troba<\/strong><\/p>\n\n\n\n<p>Dewiza biskupia:&nbsp;<strong>Ecce venio (Oto przychodz\u0119, aby pe\u0142ni\u0107 Twoj\u0105 wol\u0119)<\/strong><br>Urodzony:&nbsp;<strong>04.12.1953, Wielu\u0144<\/strong><br>\u015awi\u0119cenia prezbiteratu:<strong>&nbsp;27.05.1979, Cz\u0119stochowa<\/strong><br>\u015awi\u0119cenia biskupie:&nbsp;<strong>20.05.2000, Cz\u0119stochowa<\/strong><br><strong>14 czerwca 2013 r<\/strong>. papie\u017c Franciszek mianowa\u0142 bp. Jana W\u0105trob\u0119 biskupem rzeszowskim. <strong>19 lipca 2013 r<\/strong>. bp&nbsp;W\u0105troba przej\u0105\u0142 kanonicznie diecezj\u0119 rzeszowsk\u0105 jako jej ordynariusz, a&nbsp;<strong>20 lipca 2013 r<\/strong>. odby\u0142 si\u0119 ingres w&nbsp;katedrze rzeszowskiej.<\/p>\n\n\n\n<p>Funkcje w&nbsp;KEP:&nbsp;<strong>Cz\u0142onek Komisji Duchowie\u0144stwa, Cz\u0142onek Komisji Maryjnej, Cz\u0142onek Rady ds.&nbsp;Rodziny.<\/strong><\/p>\n<\/div>\n<\/div><\/div>\n\n\n\n<p style=\"font-size:23px\"><strong>Biskup Pomocniczy Diecezji Rzeszowskiej Edward Bia\u0142og\u0142owski<\/strong><\/p>\n\n\n\n<p>Dewiza biskupia:&nbsp;<strong>In virtute Spiritus Sancti (W&nbsp;mocy Ducha \u015awi\u0119tego)<\/strong><br>Urodzony:&nbsp;<strong>08.01.1947, Rzeplin<\/strong><br>\u015awi\u0119cenia prezbiteratu:<strong>&nbsp;17.06.1972, Przemy\u015bl<\/strong><br>\u015awi\u0119cenia biskupie:<strong>&nbsp;06.01.1988, Przemy\u015bl<\/strong><\/p>\n\n\n\n<p>Po&nbsp;utworzeniu diecezji rzeszowskiej <strong>25.03.1992 r<\/strong>. zosta\u0142 jej biskupem pomocniczym i&nbsp;wikariuszem generalnym. Jest odpowiedzialny m.in.&nbsp;za&nbsp;prac\u0119 katechetyczn\u0105 i&nbsp;formacj\u0119 kap\u0142an\u00f3w, przewodniczy diecezjalnej komisji liturgicznej, zespo\u0142owi cenzor\u00f3w ko\u015bcielnych, zasiada w&nbsp;Kolegium Konsultor\u00f3w i&nbsp;Radzie Kap\u0142a\u0144skiej, wyk\u0142ada w&nbsp;WSD w&nbsp;Rzeszowie.<br>Funkcje w&nbsp;KEP:&nbsp;<strong>Cz\u0142onek Zespo\u0142u ds.&nbsp;Sanktuari\u00f3w, Delegat KEP ds.&nbsp;Duszpasterstwa Rolnik\u00f3w<\/strong><\/p>\n\n\n\n<p><\/p>\n\n\n\n<h3 class=\"wp-block-heading\">Biskup Senior Kazimierz G\u00f3rny<\/h3>\n\n\n\n<p>Dewiza biskupia:&nbsp;<strong>Omnia Tibi<\/strong><br>Urodzony: &nbsp;<strong>24.12.1937, Lubie\u0144<\/strong><br>\u015awi\u0119cenia prezbiteratu:&nbsp;<strong>29.06.1960, Krak\u00f3w<\/strong><br>\u015awi\u0119cenia biskupie:&nbsp;<strong>06.01.1985, Rzym<\/strong><br>Kolejny etap \u017cycia biskupa G\u00f3rnego rozpocz\u0105\u0142 si\u0119 w&nbsp;Uroczysto\u015b\u0107 Zwiastowania Pa\u0144skiego,<strong> 25 marca 1992 r., <\/strong>kiedy zosta\u0142 biskupem ordynariuszem nowo utworzonej diecezji rzeszowskiej. 11 kwietnia 1992 r. odby\u0142 uroczysty ingres do&nbsp;katedry rzeszowskiej.&nbsp;<\/p>\n\n\n\n<p>Pos\u0142ug\u0119 pierwszego biskupa rzeszowskiego zako\u0144czy\u0142 &nbsp;14 czerwca 2013 roku.<\/p>\n\n\n\n<p><\/p>\n\r\n","protected":false},"excerpt":{"rendered":"<p>Biskup Pomocniczy Diecezji Rzeszowskiej Edward Bia\u0142og\u0142owski Dewiza biskupia:&nbsp;In virtute Spiritus Sancti (W&nbsp;mocy Ducha \u015awi\u0119tego)Urodzony:&nbsp;08.01.1947, Rzeplin\u015awi\u0119cenia prezbiteratu:&nbsp;17.06.1972, Przemy\u015bl\u015awi\u0119cenia biskupie:&nbsp;06.01.1988, Przemy\u015bl Po&nbsp;utworzeniu diecezji rzeszowskiej 25.03.1992 r. zosta\u0142 jej biskupem pomocniczym i&nbsp;wikariuszem generalnym. Jest odpowiedzialny m.in.&nbsp;za&nbsp;prac\u0119 katechetyczn\u0105 i&nbsp;formacj\u0119 kap\u0142an\u00f3w, przewodniczy diecezjalnej komisji liturgicznej, zespo\u0142owi cenzor\u00f3w ko\u015bcielnych, zasiada w&nbsp;Kolegium Konsultor\u00f3w i&nbsp;Radzie Kap\u0142a\u0144skiej, wyk\u0142ada w&nbsp;WSD w&nbsp;Rzeszowie.Funkcje w&nbsp;KEP:&nbsp;Cz\u0142onek Zespo\u0142u ds.&nbsp;Sanktuari\u00f3w, Delegat KEP ds.&nbsp;Duszpasterstwa Rolnik\u00f3w Biskup Senior &hellip; <\/p>\n","protected":false},"author":1,"featured_media":1489,"parent":0,"menu_order":0,"comment_status":"closed","ping_status":"closed","template":"","meta":{"footnotes":""},"class_list":["post-1492","page","type-page","status-publish","has-post-thumbnail","hentry"],"_links":{"self":[{"href":"https:\/\/www.dks.rzeszow.pl\/index.php\/wp-json\/wp\/v2\/pages\/1492","targetHints":{"allow":["GET"]}}],"collection":[{"href":"https:\/\/www.dks.rzeszow.pl\/index.php\/wp-json\/wp\/v2\/pages"}],"about":[{"href":"https:\/\/www.dks.rzeszow.pl\/index.php\/wp-json\/wp\/v2\/types\/page"}],"author":[{"embeddable":true,"href":"https:\/\/www.dks.rzeszow.pl\/index.php\/wp-json\/wp\/v2\/users\/1"}],"replies":[{"embeddable":true,"href":"https:\/\/www.dks.rzeszow.pl\/index.php\/wp-json\/wp\/v2\/comments?post=1492"}],"version-history":[{"count":4,"href":"https:\/\/www.dks.rzeszow.pl\/index.php\/wp-json\/wp\/v2\/pages\/1492\/revisions"}],"predecessor-version":[{"id":4307,"href":"https:\/\/www.dks.rzeszow.pl\/index.php\/wp-json\/wp\/v2\/pages\/1492\/revisions\/4307"}],"wp:featuredmedia":[{"embeddable":true,"href":"https:\/\/www.dks.rzeszow.pl\/index.php\/wp-json\/wp\/v2\/media\/1489"}],"wp:attachment":[{"href":"https:\/\/www.dks.rzeszow.pl\/index.php\/wp-json\/wp\/v2\/media?parent=1492"}],"curies":[{"name":"wp","href":"https:\/\/api.w.org\/{rel}","templated":true}]}}