{"id":1487,"date":"2020-06-15T14:33:43","date_gmt":"2020-06-15T12:33:43","guid":{"rendered":"http:\/\/parafie.wsd.rzeszow.pl\/dks\/?page_id=1487"},"modified":"2024-09-18T11:51:05","modified_gmt":"2024-09-18T09:51:05","slug":"diecezja-rzeszowska","status":"publish","type":"page","link":"https:\/\/www.dks.rzeszow.pl\/index.php\/diecezja-rzeszowska\/","title":{"rendered":"Diecezja Rzeszowska"},"content":{"rendered":"\n<p>Diecezja Rzeszowska powsta\u0142a 25 marca 1992 r., decyzj\u0105 Ojca \u015awi\u0119tego Jana Paw\u0142a II.<\/p>\n\n\n\n<p><\/p>\n\n\n\n<h4 class=\"wp-block-heading\">Terytorium Diecezji<\/h4>\n\n\n\n<p>Diecezja rzeszowska nale\u017cy do&nbsp;metropolii przemyskiej, kt\u00f3ra&nbsp;obejmuje archidiecezj\u0119 przemysk\u0105, diecezj\u0119 rzeszowsk\u0105 i&nbsp;diecezj\u0119 zamojsko-lubaczowsk\u0105. Granica diecezji rzeszowskiej przebiega w\u0105skim pasem od&nbsp;granicy polsko-s\u0142owackiej w&nbsp;rejonie przej\u015b\u0107 granicznych w&nbsp;Koniecznej i&nbsp;O\u017cennie do&nbsp;Ostr\u00f3w Tuszowskich w&nbsp;p\u00f3\u0142nocnej cz\u0119\u015bci diecezji. Od&nbsp;wschodu graniczy z&nbsp;archidiecezj\u0105 przemysk\u0105, od&nbsp;zachodu \u2013 z&nbsp;diecezj\u0105 tarnowsk\u0105, od&nbsp;p\u00f3\u0142nocy z&nbsp;diecezj\u0105 sandomiersk\u0105.&nbsp;<\/p>\n\n\n\n<p>Diecezja rzeszowska obejmuje terytorium licz\u0105ce ok. 6 tys. km<sup>2<\/sup>. Za&nbsp;wyj\u0105tkiem P\u0142askowy\u017cu Kolbuszowskiego tereny diecezji maj\u0105 rze\u017ab\u0119 urozmaicon\u0105. Im dalej na&nbsp;po\u0142udnie tym wy\u017cej, a\u017c po&nbsp;szczyty Beskidu Niskiego. Po&nbsp;reformie administracyjnej z&nbsp;1999 roku, diecezja rzeszowska po\u0142o\u017cona jest na&nbsp;terytorium dw\u00f3ch wojew\u00f3dztw:<\/p>\n\n\n\n<ul class=\"wp-block-list\"><li>podkarpackiego (90 %)<\/li><li>ma\u0142opolskiego (10 %)<\/li><li>Powierzchnia diecezji \u2013 6 tys. km<sup>2<\/sup>&nbsp;(29 miejsce na&nbsp;41 diecezji w&nbsp;Polsce \u2013 pod&nbsp;wzgl\u0119dem powierzchni)<\/li><\/ul>\n\n\n\n<p>Dekanaty i&nbsp;parafie<\/p>\n\n\n\n<p> Parafii diecezjalnych <strong>234<\/strong><\/p>\n\n\n\n<p>Parafii zakonnych <strong>10<\/strong><\/p>\n\n\n\n<p>Dekanat\u00f3w <strong>25<\/strong><\/p>\n\n\n\n<p>W&nbsp;momencie powstania diecezji by\u0142o 201 parafii i&nbsp;19 dekanat\u00f3w.<\/p>\n\n\n\n<p>Od&nbsp;pocz\u0105tku istnienia Diecezji Rzeszowskiej utworzono<strong>&nbsp;43 nowe parafie<\/strong>&nbsp;(pierwsza by\u0142a parafia w&nbsp;Terliczce). Najwi\u0119cej utworzono w&nbsp;Rzeszowie \u2013 7 parafii. <\/p>\n\n\n\n<p>(za portalem: diecezja.rzeszow.pl)<\/p>\n\r\n","protected":false},"excerpt":{"rendered":"<p>Diecezja Rzeszowska powsta\u0142a 25 marca 1992 r., decyzj\u0105 Ojca \u015awi\u0119tego Jana Paw\u0142a II. Terytorium Diecezji Diecezja rzeszowska nale\u017cy do&nbsp;metropolii przemyskiej, kt\u00f3ra&nbsp;obejmuje archidiecezj\u0119 przemysk\u0105, diecezj\u0119 rzeszowsk\u0105 i&nbsp;diecezj\u0119 zamojsko-lubaczowsk\u0105. Granica diecezji rzeszowskiej przebiega w\u0105skim pasem od&nbsp;granicy polsko-s\u0142owackiej w&nbsp;rejonie przej\u015b\u0107 granicznych w&nbsp;Koniecznej i&nbsp;O\u017cennie do&nbsp;Ostr\u00f3w Tuszowskich w&nbsp;p\u00f3\u0142nocnej cz\u0119\u015bci diecezji. Od&nbsp;wschodu graniczy z&nbsp;archidiecezj\u0105 przemysk\u0105, od&nbsp;zachodu \u2013 z&nbsp;diecezj\u0105 tarnowsk\u0105, od&nbsp;p\u00f3\u0142nocy z&nbsp;diecezj\u0105 sandomiersk\u0105.&nbsp; Diecezja rzeszowska obejmuje terytorium &hellip; <\/p>\n","protected":false},"author":1,"featured_media":1490,"parent":0,"menu_order":0,"comment_status":"closed","ping_status":"closed","template":"","meta":{"footnotes":""},"class_list":["post-1487","page","type-page","status-publish","has-post-thumbnail","hentry"],"_links":{"self":[{"href":"https:\/\/www.dks.rzeszow.pl\/index.php\/wp-json\/wp\/v2\/pages\/1487","targetHints":{"allow":["GET"]}}],"collection":[{"href":"https:\/\/www.dks.rzeszow.pl\/index.php\/wp-json\/wp\/v2\/pages"}],"about":[{"href":"https:\/\/www.dks.rzeszow.pl\/index.php\/wp-json\/wp\/v2\/types\/page"}],"author":[{"embeddable":true,"href":"https:\/\/www.dks.rzeszow.pl\/index.php\/wp-json\/wp\/v2\/users\/1"}],"replies":[{"embeddable":true,"href":"https:\/\/www.dks.rzeszow.pl\/index.php\/wp-json\/wp\/v2\/comments?post=1487"}],"version-history":[{"count":3,"href":"https:\/\/www.dks.rzeszow.pl\/index.php\/wp-json\/wp\/v2\/pages\/1487\/revisions"}],"predecessor-version":[{"id":4305,"href":"https:\/\/www.dks.rzeszow.pl\/index.php\/wp-json\/wp\/v2\/pages\/1487\/revisions\/4305"}],"wp:featuredmedia":[{"embeddable":true,"href":"https:\/\/www.dks.rzeszow.pl\/index.php\/wp-json\/wp\/v2\/media\/1490"}],"wp:attachment":[{"href":"https:\/\/www.dks.rzeszow.pl\/index.php\/wp-json\/wp\/v2\/media?parent=1487"}],"curies":[{"name":"wp","href":"https:\/\/api.w.org\/{rel}","templated":true}]}}